{"id":663,"date":"2022-03-18T16:42:43","date_gmt":"2022-03-18T16:42:43","guid":{"rendered":"https:\/\/www.agriturismoalmaste.com\/?page_id=663"},"modified":"2023-03-09T09:08:32","modified_gmt":"2023-03-09T09:08:32","slug":"pasqua-e-pasquetta-2022-allagriturismo-al-maste","status":"publish","type":"page","link":"https:\/\/www.agriturismoalmaste.com\/?page_id=663","title":{"rendered":"Pasqua e Pasquetta 2023 all&#8217;Agriturismo Al Mast\u00e8"},"content":{"rendered":"\n<p class=\"has-text-align-center\"><strong><mark>Sonia e Stefano vi aspettano domenica 9 e luned\u00ec 10 aprile 2023 in occasione del pranzo di Pasqua e Pasquetta<\/mark><\/strong><\/p>\n\n\n<div class=\"wp-block-image\">\n<figure class=\"aligncenter size-full\"><img fetchpriority=\"high\" decoding=\"async\" width=\"879\" height=\"213\" src=\"https:\/\/www.agriturismoalmaste.com\/wp-content\/uploads\/2023\/03\/PASQUA_MASTE.jpg\" alt=\"\" class=\"wp-image-733\" srcset=\"https:\/\/www.agriturismoalmaste.com\/wp-content\/uploads\/2023\/03\/PASQUA_MASTE.jpg 879w, https:\/\/www.agriturismoalmaste.com\/wp-content\/uploads\/2023\/03\/PASQUA_MASTE-300x73.jpg 300w, https:\/\/www.agriturismoalmaste.com\/wp-content\/uploads\/2023\/03\/PASQUA_MASTE-768x186.jpg 768w\" sizes=\"(max-width: 879px) 100vw, 879px\" \/><\/figure><\/div>\n\n\n<p><\/p>\n\n\n\n<p class=\"has-text-align-center has-medium-font-size\"><strong>Il pranzo di Pasqua e di Pasquetta, domenica 9 e luned\u00ec 10 aprile 2023<\/strong><\/p>\n\n\n\n<p class=\"has-text-align-center\"><em><strong>I pranzi delle Festivit\u00e0 di Pasqua 2023 all\u2019Agriturismo AL Mast\u00e8 saranno allietate da una sorpresa. Durante il pranzo di Pasqua e Pasquetta ci sar\u00e0 una piccola ma simpatica estrazione; il primo numero fortunato estratto vincer\u00e0 un uovo di Pasqua, il secondo numero estratto un coniglietto ricorperto di cioccolato elaborato da Sonia, Cuoca dell\u2019agriturismo\u2026<\/strong><\/em><\/p>\n\n\n\n<p class=\"has-text-align-center\"><strong>ANTIPASTI<\/strong><br><strong>salumi misti dell\u2019agriturismo\u2026 coppa, salame, pancetta e lardo accompagnati dalla focaccia e pane di nostra produzione<\/strong><br><strong>insalatina mista con cialda di grana e ovetto di quaglia<\/strong><br><strong>sformatino ai carciofi<\/strong><br><strong>insalata russa<\/strong><br><strong>straccetti di pollo all\u2019aceto balsamico<\/strong><\/p>\n\n\n\n<p class=\"has-text-align-center\"><strong>PRIMI PIATTI<\/strong><br><strong>Riso Carnaroli in risotto con porcini mantecato al Grana Padano<\/strong><br><strong>Cappellacci di erbette con salsina di noci<\/strong><\/p>\n\n\n\n<p class=\"has-text-align-center\"><strong>PIETANZE<\/strong><br><strong>arrosto d\u2019agnello<\/strong><br><strong>stufato di manzo piemontese ai profumi mediterranei<\/strong><br><strong>patate al rosmarino<\/strong><\/p>\n\n\n\n<p class=\"has-text-align-center\"><strong>DOLCE<\/strong><br><strong>torta con bis di creme, panna e ovetto al cioccolato<\/strong><br><strong>accompgnato da calice di Malvasia passita dell\u2019azienda<\/strong><\/p>\n\n\n\n<p class=\"has-text-align-center\"><strong>Caff\u00e8<\/strong><\/p>\n\n\n\n<p class=\"has-text-align-center\"><strong>EURO 50,00 VINI, ACQUA E BEVANDE INCLUSE<\/strong><br><strong>BAMBINI FINO AD ANNI 10 EURO 20,00<\/strong><br><strong>INFORMAZIONI E PRENOTAZIONI 333.4001089<\/strong><\/p>\n\n\n\n<p class=\"has-text-align-center\"><em>Le verdure, come i vini, provengono dalla produzione aziendali. I salumi, le carni, i formaggi, il riso, provengono da Aziende Agricole del territorio. Per qualsiasi intolleranza avvisare al momento della prenotazione, saremo lieti di soddisfare le vostre richieste<\/em><\/p>\n","protected":false},"excerpt":{"rendered":"<p>Sonia e Stefano vi aspettano domenica 9 e luned\u00ec 10 aprile 2023 in occasione del pranzo di Pasqua e Pasquetta Il pranzo di Pasqua e di Pasquetta, domenica 9 e luned\u00ec 10 aprile 2023 I pranzi delle Festivit\u00e0 di Pasqua 2023 all\u2019Agriturismo AL Mast\u00e8 saranno allietate da una sorpresa. Durante&#8230;<\/p>\n","protected":false},"author":1,"featured_media":733,"parent":0,"menu_order":0,"comment_status":"closed","ping_status":"closed","template":"","meta":{"_exactmetrics_skip_tracking":false,"_exactmetrics_sitenote_active":false,"_exactmetrics_sitenote_note":"","_exactmetrics_sitenote_category":0,"footnotes":""},"class_list":["post-663","page","type-page","status-publish","has-post-thumbnail","hentry"],"_links":{"self":[{"href":"https:\/\/www.agriturismoalmaste.com\/index.php?rest_route=\/wp\/v2\/pages\/663","targetHints":{"allow":["GET"]}}],"collection":[{"href":"https:\/\/www.agriturismoalmaste.com\/index.php?rest_route=\/wp\/v2\/pages"}],"about":[{"href":"https:\/\/www.agriturismoalmaste.com\/index.php?rest_route=\/wp\/v2\/types\/page"}],"author":[{"embeddable":true,"href":"https:\/\/www.agriturismoalmaste.com\/index.php?rest_route=\/wp\/v2\/users\/1"}],"replies":[{"embeddable":true,"href":"https:\/\/www.agriturismoalmaste.com\/index.php?rest_route=%2Fwp%2Fv2%2Fcomments&post=663"}],"version-history":[{"count":10,"href":"https:\/\/www.agriturismoalmaste.com\/index.php?rest_route=\/wp\/v2\/pages\/663\/revisions"}],"predecessor-version":[{"id":737,"href":"https:\/\/www.agriturismoalmaste.com\/index.php?rest_route=\/wp\/v2\/pages\/663\/revisions\/737"}],"wp:featuredmedia":[{"embeddable":true,"href":"https:\/\/www.agriturismoalmaste.com\/index.php?rest_route=\/wp\/v2\/media\/733"}],"wp:attachment":[{"href":"https:\/\/www.agriturismoalmaste.com\/index.php?rest_route=%2Fwp%2Fv2%2Fmedia&parent=663"}],"curies":[{"name":"wp","href":"https:\/\/api.w.org\/{rel}","templated":true}]}}