{"id":266,"date":"2018-08-19T12:28:24","date_gmt":"2018-08-19T12:28:24","guid":{"rendered":"http:\/\/www.agriturismoalmaste.com\/?page_id=266"},"modified":"2025-02-25T14:52:02","modified_gmt":"2025-02-25T14:52:02","slug":"menu-del-maste","status":"publish","type":"page","link":"https:\/\/www.agriturismoalmaste.com\/?page_id=266","title":{"rendered":"I men\u00f9 stagionali del Mast\u00e8 e i men\u00f9 delle riccorenze"},"content":{"rendered":"<p style=\"text-align: left;\"><strong><span style=\"font-size: 12pt;\">Sonia, Cuoca dell\u2019Agriturismo, vi aspetta per la Primavera 2025 con fresche portate cucinati con prodotti a km. 0 raccolti direttamente dall&#8217;orto e dai frutteti dell&#8217;Azienda Agricola<\/span><\/strong><\/p>\n<p style=\"text-align: justify;\"><strong>PRIMAVERA 2025 ALL&#8217;AGRITURISMO AL MASTE&#8217; A MONTU&#8217; BECCARIA&#8230; <\/strong>La primavera \u00e8 una delle migliori stagione per scoprire la cucina pi\u00f9 tipica e contadina di Sonia. Con tantissimi prodotti raccolti direttamente da lei, nell&#8217;orto, nel frutteto, in campagna cucina e propone piatti freschi ed estivi che sapranno, come sempre colmare i vostri gusti, ma sempre con estrema freschezza. Sonia \u00e8 sempre a disposizione per comporre il men\u00f9 che pi\u00f9 gradite.<\/p>\n<p style=\"text-align: justify;\"><strong>Fra gli antipasti,<\/strong> oltre agli immancabili salumi&#8230; flan di melanzane, flan di verdure miste, crostata di carote, spuma di cetriolo, mousse di formaggi con miele, tartar di manzo battuta a coltello, giardiniera con verdure dell&#8217; orto in agrodolce<\/p>\n<p style=\"text-align: justify;\"><strong>I Primi Piatti di Sonia non son da meno&#8230;<\/strong> il Riso Carnaroli cucinato con vellutata di peperone, con dadolata di zucchine croccanti e salsiccia, con crema di erbette per un \u201crisotto gourmet\u201d. Le paste ripiene fatte in casa come tortelli con biete conditi al burro fuso, tortelloni con melanzane con pomodorini, crespelle con verdure miste e gli immancabili ravioli di brasato della tradizione.<\/p>\n<p><strong>Pietanze fredde<\/strong> come roastbeef di carne piemontese, vitello tonnato, tartar battuta a coltello&#8230; <strong>ma anche calde<\/strong> come una succulente tagliata, costine maiale grigliate, coppa arrosto, filetto di maiale al forno, arrosto di manzo piemontese.<\/p>\n<p><strong>Quale conclusione migliore per un pranzo o una cena<\/strong> so non il dolce come panna cotta con fragole o cioccolato, cheesecake con frutta di stagione, crostata con marmellata dell&#8217;agriturismo, semifreddo con frutta di stagione, salame cioccolato, tiramis\u00f9.<\/p>\n<p style=\"text-align: left;\"><span style=\"font-size: 14pt;\"><strong><span style=\"color: #ff0000;\">PROPOSTA DI MENU&#8217; AD EURO 40,00<\/span> &#8211; i primi piatti, il secondo e il dolce saranno stabiliti con Sonia al momento della prenotazione<\/strong><\/span><\/p>\n<p><strong>ANTIPASTO<\/strong><br \/>\nSalame, coppa, pancetta cotta e lardo con sottolio di stagione e focaccia casareccia<br \/>\n<strong>DUE ANTIPASTI DI STAGIONE DELL&#8217;AGRITURISMO<\/strong><\/p>\n<p><strong>DUE PRIMI PIATTI<\/strong><br \/>\n<strong>UN SECONDO PIATTO CON CONTORNO <\/strong><br \/>\n<strong>DOLCE<\/strong> accompagnato con Malvasia Passita<\/p>\n<p><strong>CAFFE&#8217;<\/strong><\/p>\n<p style=\"text-align: left;\"><strong>VINI D.O.C. e I.G.T. DELL&#8217;AZIENDA AGRICOLA<\/strong><br \/>\n<strong>Acqua<\/strong><\/p>\n<p style=\"text-align: left;\"><span style=\"font-size: 14pt;\"><strong><span style=\"color: #ff0000;\">PROPOSTA DI MENU&#8217;<\/span> <span style=\"color: #ff0000;\">AD EURO 43,00<\/span> &#8211; i primi piatti, il secondo e il dolce saranno stabiliti con Sonia al momento della prenotazione<\/strong><\/span><\/p>\n<p><strong>ANTIPASTO<\/strong><br \/>\nSalame, coppa, pancetta cotta e lardo con sottolio di stagione e focaccia casareccia<br \/>\n<strong>DUE ANTIPASTI DI STAGIONE DELL&#8217;AGRITURISMO<\/strong><\/p>\n<p><strong>DUE PRIMI PIATTI<\/strong><br \/>\n<strong>DUE SECONDI PIATTI CON CONTORNO <\/strong><br \/>\n<strong>DOLCE<\/strong> accompagnato con Malvasia Passita<\/p>\n<p><strong>CAFFE&#8217;<\/strong><\/p>\n<p style=\"text-align: left;\"><strong>VINI D.O.C. e I.G.T. DELL&#8217;AZIENDA AGRICOLA<\/strong><br \/>\n<strong>Acqua<\/strong><\/p>\n<p><strong><span style=\"font-size: 12pt;\">Sonia, Cuoca dell\u2019Agriturismo, pu\u00f2 predisporre una proposta di men\u00f9 per intolleranti al lattosio e celiaci. Ricordate al momento delle prenotazioni di formulare le vostre richieste!<\/span><\/strong><\/p>\n<p><strong>INFORMAZIONI E PRENOTAZIONI <a href=\"tel:3334001089\">333.4001089<\/a> &#8211; <a href=\"tel:3387726796\">338.7726796<\/a><\/strong><\/p>\n<style id=\"bwg-style-0\">    #bwg_container1_0 #bwg_container2_0 .bwg-container-0.bwg-standard-thumbnails {      width: 724px;              justify-content: center;        margin:0 auto !important;              background-color: rgba(255, 255, 255, 0.00);            padding-left: 4px;      padding-top: 4px;      max-width: 100%;            }        #bwg_container1_0 #bwg_container2_0 .bwg-container-0.bwg-standard-thumbnails .bwg-item {    justify-content: flex-start;      max-width: 120px;          }    #bwg_container1_0 #bwg_container2_0 .bwg-container-0.bwg-standard-thumbnails .bwg-item a {       margin-right: 4px;       margin-bottom: 4px;    }    #bwg_container1_0 #bwg_container2_0 .bwg-container-0.bwg-standard-thumbnails .bwg-item0 {      padding: 0px;            background-color:rgba(0,0,0, 0.30);      border: 0px none #CCCCCC;      opacity: 1.00;      border-radius: 0;      box-shadow: ;    }    #bwg_container1_0 #bwg_container2_0 .bwg-container-0.bwg-standard-thumbnails .bwg-item1 img {      max-height: none;      max-width: none;      padding: 0 !important;    }         @media only screen and (min-width: 480px) {\t\t#bwg_container1_0 #bwg_container2_0 .bwg-container-0.bwg-standard-thumbnails .bwg-item1 img {\t\t\t-webkit-transition: all .3s; transition: all .3s;\t\t}\t\t#bwg_container1_0 #bwg_container2_0 .bwg-container-0.bwg-standard-thumbnails .bwg-item1 img:hover {\t\t\t-ms-transform: scale(1.08);\t\t\t-webkit-transform: scale(1.08);\t\t\ttransform: scale(1.08);\t\t}\t\t\t\t.bwg-standard-thumbnails .bwg-zoom-effect .bwg-zoom-effect-overlay {\t\t\t\t\t\tbackground-color:rgba(0,0,0, 0.3);\t\t}\t\t.bwg-standard-thumbnails .bwg-zoom-effect:hover img {\t\t\t-ms-transform: scale(1.08);\t\t\t-webkit-transform: scale(1.08);\t\t\ttransform: scale(1.08);\t\t}\t\t      }\t    #bwg_container1_0 #bwg_container2_0 .bwg-container-0.bwg-standard-thumbnails .bwg-item1 {      padding-top: 100%;    }        #bwg_container1_0 #bwg_container2_0 .bwg-container-0.bwg-standard-thumbnails .bwg-title1 {      position: absolute;      top: 0;      z-index: 100;      width: 100%;      height: 100%;      display: flex;      justify-content: center;      align-content: center;      flex-direction: column;      opacity: 0;    }\t      #bwg_container1_0 #bwg_container2_0 .bwg-container-0.bwg-standard-thumbnails .bwg-title2,    #bwg_container1_0 #bwg_container2_0 .bwg-container-0.bwg-standard-thumbnails .bwg-ecommerce2 {      color: #FFFFFF;      font-family: Ubuntu;      font-size: 16px;      font-weight: bold;      padding: 2px;      text-shadow: ;      max-height: 100%;    }    #bwg_container1_0 #bwg_container2_0 .bwg-container-0.bwg-standard-thumbnails .bwg-thumb-description span {    color: #323A45;    font-family: Ubuntu;    font-size: 12px;    max-height: 100%;    word-wrap: break-word;    }    #bwg_container1_0 #bwg_container2_0 .bwg-container-0.bwg-standard-thumbnails .bwg-play-icon2 {      font-size: 32px;    }    #bwg_container1_0 #bwg_container2_0 .bwg-container-0.bwg-standard-thumbnails .bwg-ecommerce2 {      font-size: 19.2px;      color: #323A45;    }    <\/style>    <div id=\"bwg_container1_0\"         class=\"bwg_container bwg_thumbnail bwg_thumbnails \"         data-right-click-protection=\"0\"         data-bwg=\"0\"         data-scroll=\"0\"         data-gallery-type=\"thumbnails\"         data-gallery-view-type=\"thumbnails\"         data-current-url=\"\/index.php?rest_route=%2Fwp%2Fv2%2Fpages%2F266\"         data-lightbox-url=\"https:\/\/www.agriturismoalmaste.com\/wp-admin\/admin-ajax.php?action=GalleryBox&#038;current_view=0&#038;gallery_id=7&#038;tag=0&#038;theme_id=1&#038;shortcode_id=14&#038;sort_by=order&#038;order_by=asc&#038;current_url=%2Findex.php%3Frest_route%3D%252Fwp%252Fv2%252Fpages%252F266\"         data-gallery-id=\"7\"         data-popup-width=\"800\"         data-popup-height=\"500\"         data-is-album=\"gallery\"         data-buttons-position=\"bottom\">      <div id=\"bwg_container2_0\">             <div id=\"ajax_loading_0\" class=\"bwg_loading_div_1\">      <div class=\"bwg_loading_div_2\">        <div class=\"bwg_loading_div_3\">          <div id=\"loading_div_0\" class=\"bwg_spider_ajax_loading\">          <\/div>        <\/div>      <\/div>    <\/div>            <form id=\"gal_front_form_0\"              class=\"bwg-hidden\"              method=\"post\"              action=\"#\"              data-current=\"0\"              data-shortcode-id=\"14\"              data-gallery-type=\"thumbnails\"              data-gallery-id=\"7\"              data-tag=\"0\"              data-album-id=\"0\"              data-theme-id=\"1\"              data-ajax-url=\"https:\/\/www.agriturismoalmaste.com\/wp-admin\/admin-ajax.php?action=bwg_frontend_data\">          <div id=\"bwg_container3_0\" class=\"bwg-background bwg-background-0\">                <div data-max-count=\"6\"         data-thumbnail-width=\"120\"         data-bwg=\"0\"         data-gallery-id=\"7\"         data-lightbox-url=\"https:\/\/www.agriturismoalmaste.com\/wp-admin\/admin-ajax.php?action=GalleryBox&amp;current_view=0&amp;gallery_id=7&amp;tag=0&amp;theme_id=1&amp;shortcode_id=14&amp;sort_by=order&amp;order_by=asc&amp;current_url=%2Findex.php%3Frest_route%3D%252Fwp%252Fv2%252Fpages%252F266\"         id=\"bwg_thumbnails_0\"         class=\"bwg-container-0 bwg-thumbnails bwg-standard-thumbnails bwg-container bwg-border-box\">            <div class=\"bwg-item\">        <a class=\"bwg-a  bwg_lightbox\"  data-image-id=\"65\" href=\"https:\/\/www.agriturismoalmaste.com\/wp-content\/uploads\/photo-gallery\/imported_from_media_libray\/costine_arrosto.jpg?bwg=1740494589\" data-elementor-open-lightbox=\"no\">                <div class=\"bwg-item0 \">          <div class=\"bwg-item1 bwg-zoom-effect\">            <div class=\"bwg-item2\">              <img decoding=\"async\" class=\"skip-lazy bwg_standart_thumb_img_0 \"                   data-id=\"65\"                   data-width=\"494.00\"                   data-height=\"500.00\"                   data-src=\"https:\/\/www.agriturismoalmaste.com\/wp-content\/uploads\/photo-gallery\/imported_from_media_libray\/thumb\/costine_arrosto.jpg?bwg=1740494589\"                   src=\"https:\/\/www.agriturismoalmaste.com\/wp-content\/uploads\/photo-gallery\/imported_from_media_libray\/thumb\/costine_arrosto.jpg?bwg=1740494589\"                   alt=\"costine_arrosto\"                   title=\"costine_arrosto\" \/>            <\/div>            <div class=\"bwg-zoom-effect-overlay\">              <div class=\"bwg-title1\"><div class=\"bwg-title2\">costine_arrosto<\/div><\/div>                                        <\/div>          <\/div>        <\/div>                        <\/a>              <\/div>            <div class=\"bwg-item\">        <a class=\"bwg-a  bwg_lightbox\"  data-image-id=\"66\" href=\"https:\/\/www.agriturismoalmaste.com\/wp-content\/uploads\/photo-gallery\/imported_from_media_libray\/crespella.jpg?bwg=1740494589\" data-elementor-open-lightbox=\"no\">                <div class=\"bwg-item0 \">          <div class=\"bwg-item1 bwg-zoom-effect\">            <div class=\"bwg-item2\">              <img decoding=\"async\" class=\"skip-lazy bwg_standart_thumb_img_0 \"                   data-id=\"66\"                   data-width=\"440.00\"                   data-height=\"500.00\"                   data-src=\"https:\/\/www.agriturismoalmaste.com\/wp-content\/uploads\/photo-gallery\/imported_from_media_libray\/thumb\/crespella.jpg?bwg=1740494589\"                   src=\"https:\/\/www.agriturismoalmaste.com\/wp-content\/uploads\/photo-gallery\/imported_from_media_libray\/thumb\/crespella.jpg?bwg=1740494589\"                   alt=\"crespella\"                   title=\"crespella\" \/>            <\/div>            <div class=\"bwg-zoom-effect-overlay\">              <div class=\"bwg-title1\"><div class=\"bwg-title2\">crespella<\/div><\/div>                                        <\/div>          <\/div>        <\/div>                        <\/a>              <\/div>            <div class=\"bwg-item\">        <a class=\"bwg-a  bwg_lightbox\"  data-image-id=\"67\" href=\"https:\/\/www.agriturismoalmaste.com\/wp-content\/uploads\/photo-gallery\/imported_from_media_libray\/pisarei_e_faso.jpg?bwg=1740494589\" data-elementor-open-lightbox=\"no\">                <div class=\"bwg-item0 \">          <div class=\"bwg-item1 bwg-zoom-effect\">            <div class=\"bwg-item2\">              <img decoding=\"async\" class=\"skip-lazy bwg_standart_thumb_img_0 \"                   data-id=\"67\"                   data-width=\"500.00\"                   data-height=\"463.00\"                   data-src=\"https:\/\/www.agriturismoalmaste.com\/wp-content\/uploads\/photo-gallery\/imported_from_media_libray\/thumb\/pisarei_e_faso.jpg?bwg=1740494589\"                   src=\"https:\/\/www.agriturismoalmaste.com\/wp-content\/uploads\/photo-gallery\/imported_from_media_libray\/thumb\/pisarei_e_faso.jpg?bwg=1740494589\"                   alt=\"pisarei_e_faso\"                   title=\"pisarei_e_faso\" \/>            <\/div>            <div class=\"bwg-zoom-effect-overlay\">              <div class=\"bwg-title1\"><div class=\"bwg-title2\">pisarei_e_faso<\/div><\/div>                                        <\/div>          <\/div>        <\/div>                        <\/a>              <\/div>            <div class=\"bwg-item\">        <a class=\"bwg-a  bwg_lightbox\"  data-image-id=\"68\" href=\"https:\/\/www.agriturismoalmaste.com\/wp-content\/uploads\/photo-gallery\/imported_from_media_libray\/produzione_ravioli_di_brasato.jpg?bwg=1740494589\" data-elementor-open-lightbox=\"no\">                <div class=\"bwg-item0 \">          <div class=\"bwg-item1 bwg-zoom-effect\">            <div class=\"bwg-item2\">              <img decoding=\"async\" class=\"skip-lazy bwg_standart_thumb_img_0 \"                   data-id=\"68\"                   data-width=\"348.00\"                   data-height=\"500.00\"                   data-src=\"https:\/\/www.agriturismoalmaste.com\/wp-content\/uploads\/photo-gallery\/imported_from_media_libray\/thumb\/produzione_ravioli_di_brasato.jpg?bwg=1740494589\"                   src=\"https:\/\/www.agriturismoalmaste.com\/wp-content\/uploads\/photo-gallery\/imported_from_media_libray\/thumb\/produzione_ravioli_di_brasato.jpg?bwg=1740494589\"                   alt=\"produzione_ravioli_di_brasato\"                   title=\"produzione_ravioli_di_brasato\" \/>            <\/div>            <div class=\"bwg-zoom-effect-overlay\">              <div class=\"bwg-title1\"><div class=\"bwg-title2\">produzione_ravioli_di_brasato<\/div><\/div>                                        <\/div>          <\/div>        <\/div>                        <\/a>              <\/div>            <div class=\"bwg-item\">        <a class=\"bwg-a  bwg_lightbox\"  data-image-id=\"69\" href=\"https:\/\/www.agriturismoalmaste.com\/wp-content\/uploads\/photo-gallery\/imported_from_media_libray\/ravioli_pasta_farina_castagne.jpg?bwg=1740494589\" data-elementor-open-lightbox=\"no\">                <div class=\"bwg-item0 \">          <div class=\"bwg-item1 bwg-zoom-effect\">            <div class=\"bwg-item2\">              <img decoding=\"async\" class=\"skip-lazy bwg_standart_thumb_img_0 \"                   data-id=\"69\"                   data-width=\"395.00\"                   data-height=\"500.00\"                   data-src=\"https:\/\/www.agriturismoalmaste.com\/wp-content\/uploads\/photo-gallery\/imported_from_media_libray\/thumb\/ravioli_pasta_farina_castagne.jpg?bwg=1740494589\"                   src=\"https:\/\/www.agriturismoalmaste.com\/wp-content\/uploads\/photo-gallery\/imported_from_media_libray\/thumb\/ravioli_pasta_farina_castagne.jpg?bwg=1740494589\"                   alt=\"ravioli_pasta_farina_castagne\"                   title=\"ravioli_pasta_farina_castagne\" \/>            <\/div>            <div class=\"bwg-zoom-effect-overlay\">              <div class=\"bwg-title1\"><div class=\"bwg-title2\">ravioli_pasta_farina_castagne<\/div><\/div>                                        <\/div>          <\/div>        <\/div>                        <\/a>              <\/div>            <div class=\"bwg-item\">        <a class=\"bwg-a  bwg_lightbox\"  data-image-id=\"70\" href=\"https:\/\/www.agriturismoalmaste.com\/wp-content\/uploads\/photo-gallery\/imported_from_media_libray\/tagliata.jpg?bwg=1740494589\" data-elementor-open-lightbox=\"no\">                <div class=\"bwg-item0 \">          <div class=\"bwg-item1 bwg-zoom-effect\">            <div class=\"bwg-item2\">              <img decoding=\"async\" class=\"skip-lazy bwg_standart_thumb_img_0 \"                   data-id=\"70\"                   data-width=\"500.00\"                   data-height=\"304.00\"                   data-src=\"https:\/\/www.agriturismoalmaste.com\/wp-content\/uploads\/photo-gallery\/imported_from_media_libray\/thumb\/tagliata.jpg?bwg=1740494589\"                   src=\"https:\/\/www.agriturismoalmaste.com\/wp-content\/uploads\/photo-gallery\/imported_from_media_libray\/thumb\/tagliata.jpg?bwg=1740494589\"                   alt=\"tagliata\"                   title=\"tagliata\" \/>            <\/div>            <div class=\"bwg-zoom-effect-overlay\">              <div class=\"bwg-title1\"><div class=\"bwg-title2\">tagliata<\/div><\/div>                                        <\/div>          <\/div>        <\/div>                        <\/a>              <\/div>            <div class=\"bwg-item\">        <a class=\"bwg-a  bwg_lightbox\"  data-image-id=\"71\" href=\"https:\/\/www.agriturismoalmaste.com\/wp-content\/uploads\/photo-gallery\/imported_from_media_libray\/zuppa_ceci.jpg?bwg=1740494589\" data-elementor-open-lightbox=\"no\">                <div class=\"bwg-item0 \">          <div class=\"bwg-item1 bwg-zoom-effect\">            <div class=\"bwg-item2\">              <img decoding=\"async\" class=\"skip-lazy bwg_standart_thumb_img_0 \"                   data-id=\"71\"                   data-width=\"500.00\"                   data-height=\"451.00\"                   data-src=\"https:\/\/www.agriturismoalmaste.com\/wp-content\/uploads\/photo-gallery\/imported_from_media_libray\/thumb\/zuppa_ceci.jpg?bwg=1740494589\"                   src=\"https:\/\/www.agriturismoalmaste.com\/wp-content\/uploads\/photo-gallery\/imported_from_media_libray\/thumb\/zuppa_ceci.jpg?bwg=1740494589\"                   alt=\"zuppa_ceci\"                   title=\"zuppa_ceci\" \/>            <\/div>            <div class=\"bwg-zoom-effect-overlay\">              <div class=\"bwg-title1\"><div class=\"bwg-title2\">zuppa_ceci<\/div><\/div>                                        <\/div>          <\/div>        <\/div>                        <\/a>              <\/div>          <\/div>    <style>      \/*pagination styles*\/      #bwg_container1_0 #bwg_container2_0 .tablenav-pages_0 {\t\t\t\ttext-align: center;\t\t\t\tfont-size: 12px;\t\t\t\tfont-family: segoe ui;\t\t\t\tfont-weight: bold;\t\t\t\tcolor: #666666;\t\t\t\tmargin: 6px 0 4px;\t\t\t\tdisplay: block;      }      @media only screen and (max-width : 320px) {      #bwg_container1_0 #bwg_container2_0 .displaying-num_0 {     \t display: none;      }      }      #bwg_container1_0 #bwg_container2_0 .displaying-num_0 {\t\t\t\tfont-size: 12px;\t\t\t\tfont-family: segoe ui;\t\t\t\tfont-weight: bold;\t\t\t\tcolor: #666666;\t\t\t\tmargin-right: 10px;\t\t\t\tvertical-align: middle;      }      #bwg_container1_0 #bwg_container2_0 .paging-input_0 {\t\t\t\tfont-size: 12px;\t\t\t\tfont-family: segoe ui;\t\t\t\tfont-weight: bold;\t\t\t\tcolor: #666666;\t\t\t\tvertical-align: middle;      }      #bwg_container1_0 #bwg_container2_0 .tablenav-pages_0 a.disabled,      #bwg_container1_0 #bwg_container2_0 .tablenav-pages_0 a.disabled:hover,      #bwg_container1_0 #bwg_container2_0 .tablenav-pages_0 a.disabled:focus,\t\t\t#bwg_container1_0 #bwg_container2_0 .tablenav-pages_0 input.bwg_current_page {\t\t\t\tcursor: default;\t\t\t\tcolor: rgba(102, 102, 102, 0.5);      }      #bwg_container1_0 #bwg_container2_0 .tablenav-pages_0 a,      #bwg_container1_0 #bwg_container2_0 .tablenav-pages_0 input.bwg_current_page {\t\t\t\tcursor: pointer;\t\t\t\ttext-align: center;\t\t\t\tfont-size: 12px;\t\t\t\tfont-family: segoe ui;\t\t\t\tfont-weight: bold;\t\t\t\tcolor: #666666;\t\t\t\ttext-decoration: none;\t\t\t\tpadding: 3px 6px;\t\t\t\tmargin: 0;\t\t\t\tborder-radius: 0;\t\t\t\tborder-style: solid;\t\t\t\tborder-width: 1px;\t\t\t\tborder-color: #E3E3E3;\t\t\t\t\t\t\t\tbackground-color: rgba(255, 255, 255, 1.00);\t\t\t\tbox-shadow: 0;\t\t\t\ttransition: all 0.3s ease 0s;-webkit-transition: all 0.3s ease 0s;      }      <\/style>      <span class=\"bwg_nav_cont_0\">              <div class=\"tablenav-pages_0\">                  <\/div>                <input type=\"hidden\" id=\"page_number_0\" name=\"page_number_0\" value=\"1\" \/>      <script type=\"text\/javascript\">        if( jQuery('.bwg_nav_cont_0').length > 1 ) {          jQuery('.bwg_nav_cont_0').first().remove()        }        function spider_page_0(cur, x, y, load_more) {          if (typeof load_more == \"undefined\") {            var load_more = false;          }          if (jQuery(cur).hasClass('disabled')) {            return false;          }          var items_county_0 = 1;          switch (y) {            case 1:              if (x >= items_county_0) {                document.getElementById('page_number_0').value = items_county_0;              }              else {                document.getElementById('page_number_0').value = x + 1;              }              break;            case 2:              document.getElementById('page_number_0').value = items_county_0;              break;            case -1:              if (x == 1) {                document.getElementById('page_number_0').value = 1;              }              else {                document.getElementById('page_number_0').value = x - 1;              }              break;            case -2:              document.getElementById('page_number_0').value = 1;              break;\t\t\t\t\t\tcase 0:              document.getElementById('page_number_0').value = x;              break;            default:              document.getElementById('page_number_0').value = 1;          }          bwg_ajax('gal_front_form_0', '0', 'bwg_thumbnails_0', '0', '', 'gallery', 0, '', '', load_more, '', 1);        }                    jQuery('.first-page-0').on('click', function () {              spider_page_0(this, 1, -2, 'numeric');              return false;            });            jQuery('.prev-page-0').on('click', function () {              spider_page_0(this, 1, -1, 'numeric');              return false;            });            jQuery('.next-page-0').on('click', function () {              spider_page_0(this, 1, 1, 'numeric');              return false;            });            jQuery('.last-page-0').on('click', function () {              spider_page_0(this, 1, 2, 'numeric');              return false;            });        \t\t\t\t\/* Change page on input enter. *\/        function bwg_change_page_0( e, that ) {          if (  e.key == 'Enter' ) {            var to_page = parseInt(jQuery(that).val());            var pages_count = jQuery(that).parents(\".pagination-links\").data(\"pages-count\");            var current_url_param = jQuery(that).attr('data-url-info');            if (to_page > pages_count) {              to_page = 1;            }\t \t\t\t\t\t\t\t\t\t\t\t\tspider_page_0(this, to_page, 0, 'numeric');\t\t\t\t\t\t\treturn false;\t\t\t\t\t\t          }          return true;        }        jQuery('.bwg_load_btn_0').on('click', function () {            spider_page_0(this, 1, 1, true);            return false;        });      <\/script>      <\/span>                <\/div>        <\/form>        <style>          #bwg_container1_0 #bwg_container2_0 #spider_popup_overlay_0 {          background-color: #EEEEEE;          opacity: 0.60;          }          <\/style>        <div id=\"bwg_spider_popup_loading_0\" class=\"bwg_spider_popup_loading\"><\/div>        <div id=\"spider_popup_overlay_0\" class=\"spider_popup_overlay\" onclick=\"spider_destroypopup(1000)\"><\/div>        <input type=\"hidden\" id=\"bwg_random_seed_0\" value=\"143241435\">                <\/div>    <\/div>    <script>      if (document.readyState === 'complete') {        if( typeof bwg_main_ready == 'function' ) {          if ( jQuery(\"#bwg_container1_0\").height() ) {            bwg_main_ready(jQuery(\"#bwg_container1_0\"));          }        }      } else {        document.addEventListener('DOMContentLoaded', function() {          if( typeof bwg_main_ready == 'function' ) {            if ( jQuery(\"#bwg_container1_0\").height() ) {             bwg_main_ready(jQuery(\"#bwg_container1_0\"));            }          }        });      }    <\/script>    \n","protected":false},"excerpt":{"rendered":"<p>Sonia, Cuoca dell\u2019Agriturismo, vi aspetta per la Primavera 2025 con fresche portate cucinati con prodotti a km. 0 raccolti direttamente dall&#8217;orto e dai frutteti dell&#8217;Azienda Agricola PRIMAVERA 2025 ALL&#8217;AGRITURISMO AL MASTE&#8217; A MONTU&#8217; BECCARIA&#8230; La primavera \u00e8 una delle migliori stagione per scoprire la cucina pi\u00f9 tipica e contadina di&#8230;<\/p>\n","protected":false},"author":1,"featured_media":0,"parent":0,"menu_order":0,"comment_status":"closed","ping_status":"closed","template":"","meta":{"_exactmetrics_skip_tracking":false,"_exactmetrics_sitenote_active":false,"_exactmetrics_sitenote_note":"","_exactmetrics_sitenote_category":0,"footnotes":""},"class_list":["post-266","page","type-page","status-publish","hentry"],"_links":{"self":[{"href":"https:\/\/www.agriturismoalmaste.com\/index.php?rest_route=\/wp\/v2\/pages\/266","targetHints":{"allow":["GET"]}}],"collection":[{"href":"https:\/\/www.agriturismoalmaste.com\/index.php?rest_route=\/wp\/v2\/pages"}],"about":[{"href":"https:\/\/www.agriturismoalmaste.com\/index.php?rest_route=\/wp\/v2\/types\/page"}],"author":[{"embeddable":true,"href":"https:\/\/www.agriturismoalmaste.com\/index.php?rest_route=\/wp\/v2\/users\/1"}],"replies":[{"embeddable":true,"href":"https:\/\/www.agriturismoalmaste.com\/index.php?rest_route=%2Fwp%2Fv2%2Fcomments&post=266"}],"version-history":[{"count":34,"href":"https:\/\/www.agriturismoalmaste.com\/index.php?rest_route=\/wp\/v2\/pages\/266\/revisions"}],"predecessor-version":[{"id":905,"href":"https:\/\/www.agriturismoalmaste.com\/index.php?rest_route=\/wp\/v2\/pages\/266\/revisions\/905"}],"wp:attachment":[{"href":"https:\/\/www.agriturismoalmaste.com\/index.php?rest_route=%2Fwp%2Fv2%2Fmedia&parent=266"}],"curies":[{"name":"wp","href":"https:\/\/api.w.org\/{rel}","templated":true}]}}