{"id":14,"date":"2018-08-14T20:49:45","date_gmt":"2018-08-14T20:49:45","guid":{"rendered":"http:\/\/www.agriturismoalmaste.com\/home\/"},"modified":"2026-04-06T14:51:01","modified_gmt":"2026-04-06T14:51:01","slug":"home","status":"publish","type":"page","link":"https:\/\/www.agriturismoalmaste.com\/","title":{"rendered":"Agriturismo Al Mast\u00e8 a Mont\u00f9 Beccaria in Oltrep\u00f2 Pavese"},"content":{"rendered":"\t\t<div data-elementor-type=\"wp-page\" data-elementor-id=\"14\" class=\"elementor elementor-14\">\n\t\t\t\t<div class=\"elementor-element elementor-element-5de8029b e-flex e-con-boxed e-con e-parent\" data-id=\"5de8029b\" data-element_type=\"container\">\n\t\t\t\t\t<div class=\"e-con-inner\">\n\t\t\t\t<div class=\"elementor-element elementor-element-45af4586 elementor-widget elementor-widget-text-editor\" data-id=\"45af4586\" data-element_type=\"widget\" data-widget_type=\"text-editor.default\">\n\t\t\t\t<div class=\"elementor-widget-container\">\n\t\t\t\t\t\t\t\t\t\n<p class=\"has-text-align-center has-vivid-red-color has-text-color has-link-color has-medium-font-size wp-elements-0b9336d210994d6541abe9dee6fb4bb1\" style=\"text-align: center;\"><strong><em>A pochi km. da Pavia, da Piacenza, da Voghera, a soli 50 km. da Milano, sulla prima collina dell&#8217;Oltrep\u00f2 Pavese, Sonia dell&#8217;Agriturismo Al Mast\u00e8 vi aspetta con portate fresche e leggere&#8230; antipasti preparati con le verdure dell&#8217;orto dell&#8217;agriturismo che accompagnano i taglieri di salumi&#8230; di primo piatto paste casalinghe e paste ripiene di magro con vari condimenti, anche con sughi di funghi&#8230; pietanze fredde come roastbeef o tartare di manzo piemontese oppure l&#8217;immancabile tagliata&#8230; si chiude con formaggi accompagnati dal miele e dolci freschi come semifreddi e panna cotta&#8230;<\/em><\/strong><\/p>\n\n<p class=\"has-text-align-center has-vivid-red-color has-text-color has-link-color has-medium-font-size\">\u00a0<\/p>\n\t\t\t\t\t\t\t\t<\/div>\n\t\t\t\t<\/div>\n\t\t\t\t\t<\/div>\n\t\t\t\t<\/div>\n\t\t\t\t<\/div>\n\t\t","protected":false},"excerpt":{"rendered":"<p>A pochi km. da Pavia, da Piacenza, da Voghera, a soli 50 km. da Milano, sulla prima collina dell&#8217;Oltrep\u00f2 Pavese, Sonia dell&#8217;Agriturismo Al Mast\u00e8 vi aspetta con portate fresche e leggere&#8230; antipasti preparati con le verdure dell&#8217;orto dell&#8217;agriturismo che accompagnano i taglieri di salumi&#8230; di primo piatto paste casalinghe e&#8230;<\/p>\n","protected":false},"author":1,"featured_media":574,"parent":0,"menu_order":0,"comment_status":"closed","ping_status":"closed","template":"","meta":{"_exactmetrics_skip_tracking":false,"_exactmetrics_sitenote_active":false,"_exactmetrics_sitenote_note":"","_exactmetrics_sitenote_category":0,"footnotes":""},"class_list":["post-14","page","type-page","status-publish","has-post-thumbnail","hentry"],"_links":{"self":[{"href":"https:\/\/www.agriturismoalmaste.com\/index.php?rest_route=\/wp\/v2\/pages\/14","targetHints":{"allow":["GET"]}}],"collection":[{"href":"https:\/\/www.agriturismoalmaste.com\/index.php?rest_route=\/wp\/v2\/pages"}],"about":[{"href":"https:\/\/www.agriturismoalmaste.com\/index.php?rest_route=\/wp\/v2\/types\/page"}],"author":[{"embeddable":true,"href":"https:\/\/www.agriturismoalmaste.com\/index.php?rest_route=\/wp\/v2\/users\/1"}],"replies":[{"embeddable":true,"href":"https:\/\/www.agriturismoalmaste.com\/index.php?rest_route=%2Fwp%2Fv2%2Fcomments&post=14"}],"version-history":[{"count":211,"href":"https:\/\/www.agriturismoalmaste.com\/index.php?rest_route=\/wp\/v2\/pages\/14\/revisions"}],"predecessor-version":[{"id":963,"href":"https:\/\/www.agriturismoalmaste.com\/index.php?rest_route=\/wp\/v2\/pages\/14\/revisions\/963"}],"wp:featuredmedia":[{"embeddable":true,"href":"https:\/\/www.agriturismoalmaste.com\/index.php?rest_route=\/wp\/v2\/media\/574"}],"wp:attachment":[{"href":"https:\/\/www.agriturismoalmaste.com\/index.php?rest_route=%2Fwp%2Fv2%2Fmedia&parent=14"}],"curies":[{"name":"wp","href":"https:\/\/api.w.org\/{rel}","templated":true}]}}